{"id":74,"date":"2016-03-12T21:47:51","date_gmt":"2016-03-12T20:47:51","guid":{"rendered":"http:\/\/realschule-xanten.de\/?page_id=74"},"modified":"2020-01-12T20:33:19","modified_gmt":"2020-01-12T19:33:19","slug":"ueber-uns","status":"publish","type":"page","link":"https:\/\/realschule-xanten.de\/?page_id=74","title":{"rendered":"\u00fcber Uns"},"content":{"rendered":"<h1>realschule-xanten.de<\/h1>\n<p>ist der inoffizielle&nbsp;Online Auftritt der Abschlussklassen von 1980 der damaligen Verbandsrealschule Xanten, bis Sommer 2018 <a href=\"https:\/\/www.nrz.de\/staedte\/rheinberg-xanten-umland\/walter-bader-realschule-xanten-ist-geschichte-id214811607.html\" target=\"_blank\" rel=\"noopener noreferrer\">Walter-Bader-Realschule Xanten<\/a><br \/>\nDie Inhalte erheben keinen Anspruch auf Vollst\u00e4ndigkeit.<br \/>\nJeder Realsch\u00fcler der Jahrgangsstufe hat die M\u00f6glichkeit Inhalte zur Schulzeit und Klassentreffen nach Anmeldung zu ver\u00f6ffentlichen oder zu kommentieren<\/p>\n<p><a href=\"https:\/\/realschule-xanten.de\/?p=1170\">Jahrgang 1974<\/a><\/p>\n<p><span style=\"text-decoration: underline;\">Klassenkamerad\/innen sind herzlich aufgefordert sich als Website Admins einzubringen!<\/span><\/p>\n","protected":false},"excerpt":{"rendered":"<p>realschule-xanten.de ist der inoffizielle&nbsp;Online Auftritt der Abschlussklassen von 1980 der damaligen Verbandsrealschule Xanten, bis Sommer 2018 Walter-Bader-Realschule Xanten Die Inhalte erheben keinen Anspruch auf Vollst\u00e4ndigkeit. Jeder Realsch\u00fcler der Jahrgangsstufe hat die M\u00f6glichkeit Inhalte zur Schulzeit und Klassentreffen nach Anmeldung zu ver\u00f6ffentlichen oder zu kommentieren Jahrgang 1974 Klassenkamerad\/innen sind herzlich aufgefordert sich als Website Admins einzubringen!<\/p>\n","protected":false},"author":1,"featured_media":0,"parent":0,"menu_order":0,"comment_status":"closed","ping_status":"closed","template":"","meta":{"ngg_post_thumbnail":0,"footnotes":""},"class_list":["post-74","page","type-page","status-publish","hentry"],"_links":{"self":[{"href":"https:\/\/realschule-xanten.de\/index.php?rest_route=\/wp\/v2\/pages\/74","targetHints":{"allow":["GET"]}}],"collection":[{"href":"https:\/\/realschule-xanten.de\/index.php?rest_route=\/wp\/v2\/pages"}],"about":[{"href":"https:\/\/realschule-xanten.de\/index.php?rest_route=\/wp\/v2\/types\/page"}],"author":[{"embeddable":true,"href":"https:\/\/realschule-xanten.de\/index.php?rest_route=\/wp\/v2\/users\/1"}],"replies":[{"embeddable":true,"href":"https:\/\/realschule-xanten.de\/index.php?rest_route=%2Fwp%2Fv2%2Fcomments&post=74"}],"version-history":[{"count":6,"href":"https:\/\/realschule-xanten.de\/index.php?rest_route=\/wp\/v2\/pages\/74\/revisions"}],"predecessor-version":[{"id":1511,"href":"https:\/\/realschule-xanten.de\/index.php?rest_route=\/wp\/v2\/pages\/74\/revisions\/1511"}],"wp:attachment":[{"href":"https:\/\/realschule-xanten.de\/index.php?rest_route=%2Fwp%2Fv2%2Fmedia&parent=74"}],"curies":[{"name":"wp","href":"https:\/\/api.w.org\/{rel}","templated":true}]}}